{"id":21,"date":"2020-02-10T21:55:06","date_gmt":"2020-02-10T21:55:06","guid":{"rendered":"https:\/\/specialmineservices.com\/espanol\/?page_id=21"},"modified":"2026-03-27T11:57:33","modified_gmt":"2026-03-27T16:57:33","slug":"home","status":"publish","type":"page","link":"https:\/\/specialmineservices.com\/espanol\/","title":{"rendered":"Home"},"content":{"rendered":"<p>[et_pb_section fb_built=&#8221;1&#8243; fullwidth=&#8221;on&#8221; _builder_version=&#8221;4.16&#8243; _module_preset=&#8221;default&#8221; global_colors_info=&#8221;{}&#8221;][et_pb_fullwidth_slider show_image_video_mobile=&#8221;on&#8221; _builder_version=&#8221;4.19.5&#8243; _module_preset=&#8221;default&#8221; background_color=&#8221;#ababab&#8221; global_colors_info=&#8221;{}&#8221;][et_pb_slide heading=&#8221;Conectores el\u00e9ctricos&#8221; button_text=&#8221;M\u00e1s informaci\u00f3n&#8221; button_link=&#8221;https:\/\/smsconnectors.com&#8221; url_new_window=&#8221;on&#8221; use_bg_overlay=&#8221;on&#8221; bg_overlay_color=&#8221;rgba(0,0,0,0.2)&#8221; use_text_overlay=&#8221;off&#8221; admin_title=&#8221;Conectores el\u00e9ctricos&#8221; _builder_version=&#8221;4.16&#8243; _module_preset=&#8221;default&#8221; header_text_color=&#8221;#FFFFFF&#8221; background_color=&#8221;#999999&#8243; background_enable_color=&#8221;on&#8221; background_image=&#8221;https:\/\/specialmineservices.com\/espanol\/wp-content\/uploads\/2021\/02\/SMS-Divi-Banner-Electrical-Connectors-2-47.jpg&#8221; background_enable_image=&#8221;on&#8221; custom_button=&#8221;on&#8221; button_bg_color=&#8221;rgba(0,0,0,0)&#8221; button_border_width=&#8221;2px&#8221; button_border_color=&#8221;#FFFFFF&#8221; button_font=&#8221;|600|||||||&#8221; link_option_url=&#8221;https:\/\/smsconnectors.com&#8221; link_option_url_new_window=&#8221;on&#8221; border_width_all_image=&#8221;6px&#8221; border_color_all_image=&#8221;#999999&#8243; box_shadow_style_image=&#8221;preset3&#8243; global_colors_info=&#8221;{}&#8221; sticky_transition=&#8221;on&#8221;][\/et_pb_slide][et_pb_slide heading=&#8221;Fabricaci\u00f3n y soldadura&#8221; url_new_window=&#8221;on&#8221; use_bg_overlay=&#8221;on&#8221; bg_overlay_color=&#8221;rgba(0,0,0,0.2)&#8221; use_text_overlay=&#8221;off&#8221; admin_title=&#8221;Fabricaci\u00f3n y soldadura&#8221; _builder_version=&#8221;4.19.5&#8243; _module_preset=&#8221;default&#8221; header_text_color=&#8221;#FFFFFF&#8221; background_color=&#8221;#999999&#8243; background_enable_color=&#8221;on&#8221; background_image=&#8221;https:\/\/specialmineservices.com\/espanol\/wp-content\/uploads\/2021\/02\/SMS-Divi-Banner-FabWeld-2-1080px.jpg&#8221; background_enable_image=&#8221;on&#8221; custom_button=&#8221;on&#8221; button_bg_color=&#8221;rgba(0,0,0,0)&#8221; button_border_width=&#8221;2px&#8221; button_border_color=&#8221;#FFFFFF&#8221; button_font=&#8221;|600|||||||&#8221; link_option_url_new_window=&#8221;on&#8221; border_width_all_image=&#8221;6px&#8221; border_color_all_image=&#8221;#999999&#8243; box_shadow_style_image=&#8221;preset3&#8243; global_colors_info=&#8221;{}&#8221; sticky_transition=&#8221;on&#8221;][\/et_pb_slide][et_pb_slide heading=&#8221;Maquinad&#8221; url_new_window=&#8221;on&#8221; use_bg_overlay=&#8221;on&#8221; bg_overlay_color=&#8221;rgba(0,0,0,0.4)&#8221; admin_title=&#8221;Maquinad&#8221; _builder_version=&#8221;4.19.5&#8243; _module_preset=&#8221;default&#8221; header_text_color=&#8221;#FFFFFF&#8221; background_enable_color=&#8221;off&#8221; background_image=&#8221;https:\/\/specialmineservices.com\/espanol\/wp-content\/uploads\/2021\/02\/SMS-Divi-Banner-Machining-2-1080px.jpg&#8221; background_enable_image=&#8221;on&#8221; custom_button=&#8221;on&#8221; button_bg_color=&#8221;rgba(0,0,0,0)&#8221; button_border_width=&#8221;2px&#8221; button_border_color=&#8221;#FFFFFF&#8221; button_font=&#8221;|600|||||||&#8221; link_option_url_new_window=&#8221;on&#8221; border_width_all_image=&#8221;6px&#8221; border_color_all_image=&#8221;#999999&#8243; box_shadow_style_image=&#8221;preset3&#8243; global_colors_info=&#8221;{}&#8221; sticky_transition=&#8221;on&#8221;]<\/p>\n<p style=\"text-align: left;\"><strong><span style=\"font-size: 14pt;\">\u00a0<\/span><\/strong><\/p>\n<p>[\/et_pb_slide][et_pb_slide heading=&#8221;Distribuci\u00f3n de Minera&#8221; button_text=&#8221;M\u00e1s informaci\u00f3n&#8221; button_link=&#8221;https:\/\/smsminingdist.com\/&#8221; url_new_window=&#8221;on&#8221; use_bg_overlay=&#8221;on&#8221; bg_overlay_color=&#8221;rgba(0,0,0,0.5)&#8221; admin_title=&#8221;Distribuci\u00f3n de Minera&#8221; _builder_version=&#8221;4.16&#8243; _module_preset=&#8221;default&#8221; header_text_color=&#8221;#FFFFFF&#8221; background_color=&#8221;#FFFFFF&#8221; background_enable_color=&#8221;on&#8221; background_image=&#8221;https:\/\/specialmineservices.com\/espanol\/wp-content\/uploads\/2021\/02\/SMS-Divi-Banner-Mining-Dist2-1080.jpg&#8221; background_enable_image=&#8221;on&#8221; custom_button=&#8221;on&#8221; button_bg_color=&#8221;rgba(0,0,0,0)&#8221; button_border_width=&#8221;2px&#8221; button_border_color=&#8221;#FFFFFF&#8221; button_font=&#8221;|600|||||||&#8221; link_option_url=&#8221;https:\/\/smsminingdist.com\/&#8221; link_option_url_new_window=&#8221;on&#8221; border_width_all_image=&#8221;6px&#8221; border_color_all_image=&#8221;#999999&#8243; box_shadow_style_image=&#8221;preset3&#8243; global_colors_info=&#8221;{}&#8221; sticky_transition=&#8221;on&#8221;]<\/p>\n<p style=\"text-align: left;\"><strong><span style=\"font-size: 14pt;\">\u00a0<\/span><\/strong><\/p>\n<p>[\/et_pb_slide][\/et_pb_fullwidth_slider][\/et_pb_section][et_pb_section fb_built=&#8221;1&#8243; _builder_version=&#8221;4.16&#8243; global_colors_info=&#8221;{}&#8221;][et_pb_row _builder_version=&#8221;4.16&#8243; _module_preset=&#8221;default&#8221; global_colors_info=&#8221;{}&#8221;][et_pb_column type=&#8221;4_4&#8243; _builder_version=&#8221;4.16&#8243; _module_preset=&#8221;default&#8221; global_colors_info=&#8221;{}&#8221;][et_pb_video src=&#8221;https:\/\/www.youtube.com\/watch?v=wBmJU7wbi94&#8243; admin_label=&#8221;VIDEO \u2014 SMS Connectors&#8221; _builder_version=&#8221;4.16&#8243; _module_preset=&#8221;default&#8221; box_shadow_style=&#8221;preset3&#8243; global_colors_info=&#8221;{}&#8221;][\/et_pb_video][et_pb_divider show_divider=&#8221;off&#8221; _builder_version=&#8221;4.16&#8243; _module_preset=&#8221;default&#8221; global_colors_info=&#8221;{}&#8221;][\/et_pb_divider][et_pb_text admin_label=&#8221;Headline Text&#8221; _builder_version=&#8221;4.16&#8243; _module_preset=&#8221;default&#8221; global_colors_info=&#8221;{}&#8221;]<\/p>\n<h1 style=\"text-align: center;\"><span style=\"font-size: 24pt; color: #ff1a1d;\"><strong> Servicios Especiales de Miner\u00eda: M\u00e1s que s\u00f3lo miner\u00eda <\/strong><\/span><\/h1>\n<p>[\/et_pb_text][\/et_pb_column][\/et_pb_row][et_pb_row column_structure=&#8221;1_2,1_2&#8243; _builder_version=&#8221;4.16&#8243; global_colors_info=&#8221;{}&#8221;][et_pb_column type=&#8221;1_2&#8243; _builder_version=&#8221;4.16&#8243; global_colors_info=&#8221;{}&#8221;][et_pb_image src=&#8221;https:\/\/specialmineservices.com\/espanol\/wp-content\/uploads\/2021\/02\/Electrical-Connectors-img44-600&#215;300-1.jpg&#8221; alt=&#8221;Electrical Connectors&#8221; title_text=&#8221;Electrical-Connectors-img44-600&#215;300&#8243; admin_label=&#8221;IMAGE \u2014 Electrical Connectors&#8221; _builder_version=&#8221;4.16&#8243; _module_preset=&#8221;default&#8221; border_width_all=&#8221;6px&#8221; border_color_all=&#8221;#999999&#8243; box_shadow_style=&#8221;preset3&#8243; global_colors_info=&#8221;{}&#8221;][\/et_pb_image][et_pb_text admin_label=&#8221;TEXT \u2014 Electrical Connectors&#8221; _builder_version=&#8221;4.16&#8243; global_colors_info=&#8221;{}&#8221;]<\/p>\n<h3><strong> Conectores el\u00e9ctricos <\/strong><\/h3>\n<p class=\"p1\"><b>Servicios Especiales de Miner\u00eda<\/b> fabrica una l\u00ednea completa de conectores unipolares, multipolares y de bloqueo r\u00e1pido espec\u00edficamente dise\u00f1ados para que sean intercambiables y compatibles con otros de los principales conectores del mercado. Nuestras capacidades van desde peque\u00f1os conectores uni-polares a grandes conectores redondos multipolares, as\u00ed como conectores que aceptan cables tipo 500 MCM, de 3 conductores, GGC y SHD. Los conectores para miner\u00eda cuentan con la certificaci\u00f3n CSA 22.2 N\u00ba 182 (182465) y certificaci\u00f3n UL 168. Adem\u00e1s, Servicios Especiales de Miner\u00eda est\u00e1 actualmente re-certificando los conectores para miner\u00eda de 1000V, de acuerdo con el est\u00e1ndar CSA 298-16.<\/p>\n<p>[\/et_pb_text][et_pb_button button_url=&#8221;https:\/\/smsconnectors.com\/&#8221; url_new_window=&#8221;on&#8221; button_text=&#8221;M\u00e1s informaci\u00f3n&#8221; admin_label=&#8221;BUTTON \u2014 Electrical Connectors&#8221; _builder_version=&#8221;4.16&#8243; _module_preset=&#8221;default&#8221; custom_button=&#8221;on&#8221; button_text_size=&#8221;16px&#8221; button_text_color=&#8221;#ff1a1d&#8221; button_bg_color=&#8221;#FFFFFF&#8221; button_border_width=&#8221;3px&#8221; button_border_color=&#8221;#ff1a1d&#8221; button_font=&#8221;|600|||||||&#8221; background_layout=&#8221;dark&#8221; global_colors_info=&#8221;{}&#8221;][\/et_pb_button][\/et_pb_column][et_pb_column type=&#8221;1_2&#8243; _builder_version=&#8221;4.16&#8243; global_colors_info=&#8221;{}&#8221;][et_pb_image src=&#8221;https:\/\/specialmineservices.com\/espanol\/wp-content\/uploads\/2021\/02\/FabWeld-Home-pg-600&#215;300-1.jpg&#8221; alt=&#8221;Fabrication &#038; Welding Image&#8221; title_text=&#8221;FabWeld-Home-pg-600&#215;300&#8243; admin_label=&#8221;IMAGE \u2014 Fabrication &#038; Welding&#8221; _builder_version=&#8221;4.16&#8243; _module_preset=&#8221;default&#8221; border_width_all=&#8221;6px&#8221; border_color_all=&#8221;#999999&#8243; box_shadow_style=&#8221;preset3&#8243; global_colors_info=&#8221;{}&#8221;][\/et_pb_image][et_pb_text admin_label=&#8221;TEXT \u2014 Fabrication &#038; Welding&#8221; _builder_version=&#8221;4.16&#8243; global_colors_info=&#8221;{}&#8221;]<\/p>\n<h3><strong> Fabricaci\u00f3n y soldadura <\/strong><\/h3>\n<p class=\"p1\"><b>Servicios Especiales de Miner\u00eda<\/b> ofrece un departamento de soldadura y fabricaci\u00f3n completamente funcional, con un personal que incluye ingenieros, soldadores y t\u00e9cnicos. Con algunos de los \u00faltimos equipos de Flow, AccurPress, Aida y Lincoln. Servicios Especiales de Miner\u00eda combina lo mejor de estas nuevas tecnolog\u00edas con el software de dise\u00f1o de SolidWorks y un equipo dedicado al servicio de atenci\u00f3n al cliente. Ofreciendo una amplia variedad de servicios sobre una amplia gama de materiales, Servicios Especiales de Miner\u00eda est\u00e1 listo hoy mismo para satisfacer sus necesidades en materia de soldaduras y fabricaci\u00f3n personalizada.<\/p>\n<p>[\/et_pb_text][et_pb_button button_url=&#8221;https:\/\/smsfabweldmachine.com\/&#8221; url_new_window=&#8221;on&#8221; button_text=&#8221;M\u00e1s informaci\u00f3n&#8221; admin_label=&#8221;BUTTON \u2014 FabWeldMachine&#8221; _builder_version=&#8221;4.27.6&#8243; _module_preset=&#8221;default&#8221; custom_button=&#8221;on&#8221; button_text_size=&#8221;16px&#8221; button_text_color=&#8221;#ff1a1d&#8221; button_bg_color=&#8221;#FFFFFF&#8221; button_border_width=&#8221;3px&#8221; button_border_color=&#8221;#ff1a1d&#8221; button_font=&#8221;|600|||||||&#8221; background_layout=&#8221;dark&#8221; global_colors_info=&#8221;{}&#8221;][\/et_pb_button][\/et_pb_column][\/et_pb_row][et_pb_row column_structure=&#8221;1_2,1_2&#8243; _builder_version=&#8221;4.16&#8243; global_colors_info=&#8221;{}&#8221;][et_pb_column type=&#8221;1_2&#8243; _builder_version=&#8221;4.16&#8243; global_colors_info=&#8221;{}&#8221;][et_pb_image src=&#8221;https:\/\/specialmineservices.com\/espanol\/wp-content\/uploads\/2021\/02\/Machining-Home-pg-600&#215;300-1.jpg&#8221; alt=&#8221;Machining Image&#8221; title_text=&#8221;Machining-Home-pg-600&#215;300&#8243; admin_label=&#8221;IMAGE \u2014 Machining&#8221; _builder_version=&#8221;4.16&#8243; _module_preset=&#8221;default&#8221; border_width_all=&#8221;6px&#8221; border_color_all=&#8221;#999999&#8243; box_shadow_style=&#8221;preset3&#8243; global_colors_info=&#8221;{}&#8221;][\/et_pb_image][et_pb_text admin_label=&#8221;TEXT \u2014 Machining&#8221; _builder_version=&#8221;4.16&#8243; global_colors_info=&#8221;{}&#8221;]<\/p>\n<h3><strong> Maquinado <\/strong><\/h3>\n<p class=\"p1\"><b>Servicios Especiales de Miner\u00eda<\/b> ofrece un taller de maquinado totalmente funcional. Equipado con los m\u00e1s recientes equipos de maquinado CNC de los principales proveedores como Mazak y Haas, Servicios Especiales de Miner\u00eda combina lo mejor de estas nuevas tecnolog\u00edas con la precisi\u00f3n de la elaboraci\u00f3n a mano de un equipo dedicado de t\u00e9cnicos. Estos artesanos calificados incluyen maquinistas, fabricantes de moldes y troqueles e inspectores de calidad. Servicios Especiales de Miner\u00eda ofrece precios y plazos de entrega razonables, junto con un excelente servicio al cliente. Adem\u00e1s de nuestros muchos clientes, Servicios Especiales de Miner\u00eda se enorgullece de servir a los principales jugadores de la industria automotriz y a las industrias de contratistas del Departamento de Defensa. Comun\u00edquese con Servicios Especiales de Miner\u00eda para satisfacer sus necesidades de servicios de maquinado personalizado hoy mismo.<\/p>\n<p>[\/et_pb_text][et_pb_button button_url=&#8221;https:\/\/smsfabweldmachine.com\/&#8221; url_new_window=&#8221;on&#8221; button_text=&#8221;M\u00e1s informaci\u00f3n&#8221; admin_label=&#8221;BUTTON \u2014 FabWeldMachine&#8221; _builder_version=&#8221;4.27.6&#8243; _module_preset=&#8221;default&#8221; custom_button=&#8221;on&#8221; button_text_size=&#8221;16px&#8221; button_text_color=&#8221;#ff1a1d&#8221; button_bg_color=&#8221;#FFFFFF&#8221; button_border_width=&#8221;3px&#8221; button_border_color=&#8221;#ff1a1d&#8221; button_font=&#8221;|600|||||||&#8221; background_layout=&#8221;dark&#8221; global_colors_info=&#8221;{}&#8221;][\/et_pb_button][\/et_pb_column][et_pb_column type=&#8221;1_2&#8243; _builder_version=&#8221;4.16&#8243; global_colors_info=&#8221;{}&#8221;][et_pb_image src=&#8221;https:\/\/specialmineservices.com\/espanol\/wp-content\/uploads\/2021\/02\/Mining-Distribution-logos-WhiteBKGD-600&#215;300-1.jpg&#8221; alt=&#8221;Mining Distribution-vendor logos image&#8221; title_text=&#8221;Mining-Distribution-logos-WhiteBKGD-600&#215;300&#8243; admin_label=&#8221;IMAGE \u2014 Mining Distribution&#8221; _builder_version=&#8221;4.16&#8243; _module_preset=&#8221;default&#8221; border_width_all=&#8221;6px&#8221; border_color_all=&#8221;#999999&#8243; box_shadow_style=&#8221;preset3&#8243; global_colors_info=&#8221;{}&#8221;][\/et_pb_image][et_pb_text admin_label=&#8221;TEXT \u2014 Mining Distribution&#8221; _builder_version=&#8221;4.16&#8243; global_colors_info=&#8221;{}&#8221;]<\/p>\n<h3><strong> Distribuci\u00f3n de Minera <\/strong><\/h3>\n<p class=\"p1\"><b>Servicios Especiales de Miner\u00eda<\/b> se enorgullece de ser un distribuidor de una variedad de productos para la industria de miner\u00eda de las marcas m\u00e1s confiables de la industria. Estas marcas incluyen a <b>TJB<\/b>, <b>PLM<\/b>, <b>J&amp;R<\/b>,<b> Line Power<\/b>, <b>SMC Electrical<\/b>,<b> 3M<\/b>, <b>Burndy<\/b>, <b>LaMarche<\/b> y muchas otras. Estos productos cuentan con una reputaci\u00f3n de calidad, confiabilidad y durabilidad. Servicios Especiales de Miner\u00eda se enorgullece de ser <span class=\"s1\">su \u201c<\/span>ventanilla \u00fanica\u201d para todas sus necesidades en materia de suministros de miner\u00eda.<\/p>\n<p>[\/et_pb_text][et_pb_button button_url=&#8221;https:\/\/SMSMiningDist.com&#8221; url_new_window=&#8221;on&#8221; button_text=&#8221;M\u00e1s informaci\u00f3n&#8221; admin_label=&#8221;BUTTON \u2014 Mining Distribution&#8221; _builder_version=&#8221;4.16&#8243; _module_preset=&#8221;default&#8221; custom_button=&#8221;on&#8221; button_text_size=&#8221;16px&#8221; button_text_color=&#8221;#ff1a1d&#8221; button_bg_color=&#8221;#FFFFFF&#8221; button_border_width=&#8221;3px&#8221; button_border_color=&#8221;#ff1a1d&#8221; button_font=&#8221;|600|||||||&#8221; background_layout=&#8221;dark&#8221; global_colors_info=&#8221;{}&#8221;][\/et_pb_button][\/et_pb_column][\/et_pb_row][\/et_pb_section]<\/p>\n","protected":false},"excerpt":{"rendered":"<p>\u00a0\u00a0 Servicios Especiales de Miner\u00eda: M\u00e1s que s\u00f3lo miner\u00eda Conectores el\u00e9ctricos Servicios Especiales de Miner\u00eda fabrica una l\u00ednea completa de conectores unipolares, multipolares y de bloqueo r\u00e1pido espec\u00edficamente dise\u00f1ados para que sean intercambiables y compatibles con otros de los principales conectores del mercado. Nuestras capacidades van desde peque\u00f1os conectores uni-polares a grandes conectores redondos multipolares, [&hellip;]<\/p>\n","protected":false},"author":1,"featured_media":0,"parent":0,"menu_order":0,"comment_status":"closed","ping_status":"closed","template":"","meta":{"_et_pb_use_builder":"on","_et_pb_old_content":"","_et_gb_content_width":"","footnotes":""},"class_list":["post-21","page","type-page","status-publish","hentry"],"_links":{"self":[{"href":"https:\/\/specialmineservices.com\/espanol\/wp-json\/wp\/v2\/pages\/21","targetHints":{"allow":["GET"]}}],"collection":[{"href":"https:\/\/specialmineservices.com\/espanol\/wp-json\/wp\/v2\/pages"}],"about":[{"href":"https:\/\/specialmineservices.com\/espanol\/wp-json\/wp\/v2\/types\/page"}],"author":[{"embeddable":true,"href":"https:\/\/specialmineservices.com\/espanol\/wp-json\/wp\/v2\/users\/1"}],"replies":[{"embeddable":true,"href":"https:\/\/specialmineservices.com\/espanol\/wp-json\/wp\/v2\/comments?post=21"}],"version-history":[{"count":71,"href":"https:\/\/specialmineservices.com\/espanol\/wp-json\/wp\/v2\/pages\/21\/revisions"}],"predecessor-version":[{"id":1028,"href":"https:\/\/specialmineservices.com\/espanol\/wp-json\/wp\/v2\/pages\/21\/revisions\/1028"}],"wp:attachment":[{"href":"https:\/\/specialmineservices.com\/espanol\/wp-json\/wp\/v2\/media?parent=21"}],"curies":[{"name":"wp","href":"https:\/\/api.w.org\/{rel}","templated":true}]}}