{"id":52,"date":"2020-02-10T22:45:20","date_gmt":"2020-02-10T22:45:20","guid":{"rendered":"https:\/\/specialmineservices.com\/espanol\/?page_id=52"},"modified":"2022-03-19T18:26:36","modified_gmt":"2022-03-19T23:26:36","slug":"quienes-somos","status":"publish","type":"page","link":"https:\/\/specialmineservices.com\/espanol\/quienes-somos\/","title":{"rendered":"Quienes Somos"},"content":{"rendered":"<p>[et_pb_section fb_built=&#8221;1&#8243; _builder_version=&#8221;4.15&#8243; global_colors_info=&#8221;{}&#8221;][et_pb_row column_structure=&#8221;1_4,3_4&#8243; _builder_version=&#8221;4.15&#8243; global_colors_info=&#8221;{}&#8221;][et_pb_column type=&#8221;1_4&#8243; _builder_version=&#8221;4.15&#8243; global_colors_info=&#8221;{}&#8221;][et_pb_image src=&#8221;https:\/\/specialmineservices.com\/espanol\/wp-content\/uploads\/2021\/03\/Our-History-Construction-600&#215;300-1.jpg&#8221; alt=&#8221;OurHistory Construction Image&#8221; title_text=&#8221;Our-History-Construction-600&#215;300&#8243; _builder_version=&#8221;4.15&#8243; border_width_all=&#8221;6px&#8221; border_color_all=&#8221;#ababab&#8221; box_shadow_style=&#8221;preset3&#8243; global_colors_info=&#8221;{}&#8221;][\/et_pb_image][\/et_pb_column][et_pb_column type=&#8221;3_4&#8243; _builder_version=&#8221;4.15&#8243; global_colors_info=&#8221;{}&#8221;][et_pb_text _builder_version=&#8221;4.15.1&#8243; hover_enabled=&#8221;0&#8243; global_colors_info=&#8221;{}&#8221; sticky_enabled=&#8221;0&#8243;]<\/p>\n<h1 class=\"p1\">La Historia de Servicios Especiales de Miner\u00eda<\/h1>\n<p>&nbsp;<\/p>\n<p class=\"p1\">En 1983, Les Huntsman y George Kee fundaron la empresa<b> Special Mine Services, Inc<\/b>. Servicios Especiales de Miner\u00eda inicialmente se dedic\u00f3 a distribuir y reparar cables el\u00e9ctricos para la industria minera del carb\u00f3n en la regi\u00f3n de Illinois, Indiana y Kentucky. Servicios Especiales de Miner\u00eda ampli\u00f3 r\u00e1pidamente su base de clientes y se convirti\u00f3 en un distribuidor de productos auxiliares asociados con las industrias de minera y la industria pesada.<\/p>\n<p class=\"p1\">A finales de 1980<span class=\"s1\">,<\/span> Servicios Especiales de Miner\u00eda comenz\u00f3 a diversificarse. Nuestra primera empresa fue la fabricaci\u00f3n y distribuci\u00f3n de conectores el\u00e9ctricos. Desde entonces, hemos desarrollado una l\u00ednea completa de conectores de neopreno moldeado para las industrias mineras, de excavaci\u00f3n de t\u00faneles y de entretenimiento que son intercambiables con otros conectores principales del mercado.<\/p>\n<p class=\"p1\">En el 2004, Servicios Especiales de Miner\u00eda se convirti\u00f3 en ESOP. En la actualidad, nuestros empleados son los due\u00f1os del 100% de la empresa y seguimos creciendo gracias a la dedicaci\u00f3n y el esfuerzo de nuestros empleados.<\/p>\n<p class=\"p1\">En el 2013, Servicios Especiales de Miner\u00eda ampli\u00f3 su taller interno de maquinado para poder fabricar nuestros propios conectores de calidad. Junto con esta expansi\u00f3n, comenzamos a utilizar nuestros conocimientos y experiencia en materia de maquinado para ofrecer servicios de maquinado a clientes externos.<\/p>\n<p class=\"p1\">En el 2017, Servicios Especiales de Miner\u00eda comenz\u00f3 a ofrecer servicios de fabricaci\u00f3n y soldadura. En el 2018, tuvimos el placer de anunciar la ampliaci\u00f3n de nuestros servicios de fabricaci\u00f3n y soldadura al completar la construcci\u00f3n de nuestro nuevo edificio de 16,000 pies cuadrados.<\/p>\n<p>[\/et_pb_text][\/et_pb_column][\/et_pb_row][\/et_pb_section]<\/p>\n","protected":false},"excerpt":{"rendered":"<p>La Historia de Servicios Especiales de Miner\u00eda &nbsp; En 1983, Les Huntsman y George Kee fundaron la empresa Special Mine Services, Inc. Servicios Especiales de Miner\u00eda inicialmente se dedic\u00f3 a distribuir y reparar cables el\u00e9ctricos para la industria minera del carb\u00f3n en la regi\u00f3n de Illinois, Indiana y Kentucky. Servicios Especiales de Miner\u00eda ampli\u00f3 r\u00e1pidamente [&hellip;]<\/p>\n","protected":false},"author":1,"featured_media":0,"parent":0,"menu_order":0,"comment_status":"closed","ping_status":"closed","template":"","meta":{"_et_pb_use_builder":"on","_et_pb_old_content":"","_et_gb_content_width":"","footnotes":""},"class_list":["post-52","page","type-page","status-publish","hentry"],"_links":{"self":[{"href":"https:\/\/specialmineservices.com\/espanol\/wp-json\/wp\/v2\/pages\/52","targetHints":{"allow":["GET"]}}],"collection":[{"href":"https:\/\/specialmineservices.com\/espanol\/wp-json\/wp\/v2\/pages"}],"about":[{"href":"https:\/\/specialmineservices.com\/espanol\/wp-json\/wp\/v2\/types\/page"}],"author":[{"embeddable":true,"href":"https:\/\/specialmineservices.com\/espanol\/wp-json\/wp\/v2\/users\/1"}],"replies":[{"embeddable":true,"href":"https:\/\/specialmineservices.com\/espanol\/wp-json\/wp\/v2\/comments?post=52"}],"version-history":[{"count":12,"href":"https:\/\/specialmineservices.com\/espanol\/wp-json\/wp\/v2\/pages\/52\/revisions"}],"predecessor-version":[{"id":890,"href":"https:\/\/specialmineservices.com\/espanol\/wp-json\/wp\/v2\/pages\/52\/revisions\/890"}],"wp:attachment":[{"href":"https:\/\/specialmineservices.com\/espanol\/wp-json\/wp\/v2\/media?parent=52"}],"curies":[{"name":"wp","href":"https:\/\/api.w.org\/{rel}","templated":true}]}}