{"id":21,"date":"2020-02-10T21:55:06","date_gmt":"2020-02-10T21:55:06","guid":{"rendered":"https:\/\/specialmineservices.com\/francais\/?page_id=21"},"modified":"2026-03-27T10:28:20","modified_gmt":"2026-03-27T15:28:20","slug":"home","status":"publish","type":"page","link":"https:\/\/specialmineservices.com\/francais\/","title":{"rendered":"Home"},"content":{"rendered":"<p>[et_pb_section fb_built=&#8221;1&#8243; fullwidth=&#8221;on&#8221; _builder_version=&#8221;4.16&#8243; _module_preset=&#8221;default&#8221; global_colors_info=&#8221;{}&#8221;][et_pb_fullwidth_slider show_image_video_mobile=&#8221;on&#8221; _builder_version=&#8221;4.19.5&#8243; _module_preset=&#8221;default&#8221; background_color=&#8221;#ababab&#8221; global_colors_info=&#8221;{}&#8221;][et_pb_slide heading=&#8221;Connecteurs \u00e9lectriques&#8221; button_text=&#8221;En savoir plus&#8221; button_link=&#8221;https:\/\/smsconnectors.com&#8221; url_new_window=&#8221;on&#8221; use_bg_overlay=&#8221;on&#8221; bg_overlay_color=&#8221;rgba(0,0,0,0.2)&#8221; use_text_overlay=&#8221;off&#8221; admin_title=&#8221;Electrical Connectors&#8221; _builder_version=&#8221;4.16&#8243; _module_preset=&#8221;default&#8221; header_text_color=&#8221;#FFFFFF&#8221; background_color=&#8221;#999999&#8243; background_enable_color=&#8221;on&#8221; background_image=&#8221;https:\/\/specialmineservices.com\/francais\/wp-content\/uploads\/2021\/02\/SMS-Divi-Banner-Electrical-Connectors-2-47.jpg&#8221; background_enable_image=&#8221;on&#8221; custom_button=&#8221;on&#8221; button_bg_color=&#8221;rgba(0,0,0,0)&#8221; button_border_width=&#8221;2px&#8221; button_border_color=&#8221;#FFFFFF&#8221; button_font=&#8221;|600|||||||&#8221; link_option_url=&#8221;https:\/\/smsconnectors.com&#8221; link_option_url_new_window=&#8221;on&#8221; border_width_all_image=&#8221;6px&#8221; border_color_all_image=&#8221;#999999&#8243; box_shadow_style_image=&#8221;preset3&#8243; global_colors_info=&#8221;{}&#8221; sticky_transition=&#8221;on&#8221;][\/et_pb_slide][et_pb_slide heading=&#8221;Fabrication et soudage&#8221; url_new_window=&#8221;on&#8221; use_bg_overlay=&#8221;on&#8221; bg_overlay_color=&#8221;rgba(0,0,0,0.2)&#8221; use_text_overlay=&#8221;off&#8221; admin_title=&#8221;Fabrication &#038; Welding&#8221; _builder_version=&#8221;4.19.5&#8243; _module_preset=&#8221;default&#8221; header_text_color=&#8221;#FFFFFF&#8221; background_color=&#8221;#999999&#8243; background_enable_color=&#8221;on&#8221; background_image=&#8221;https:\/\/specialmineservices.com\/francais\/wp-content\/uploads\/2021\/02\/SMS-Divi-Banner-FabWeld-2-1080px.jpg&#8221; background_enable_image=&#8221;on&#8221; custom_button=&#8221;on&#8221; button_bg_color=&#8221;rgba(0,0,0,0)&#8221; button_border_width=&#8221;2px&#8221; button_border_color=&#8221;#FFFFFF&#8221; button_font=&#8221;|600|||||||&#8221; link_option_url_new_window=&#8221;on&#8221; border_width_all_image=&#8221;6px&#8221; border_color_all_image=&#8221;#999999&#8243; box_shadow_style_image=&#8221;preset3&#8243; global_colors_info=&#8221;{}&#8221; sticky_transition=&#8221;on&#8221;][\/et_pb_slide][et_pb_slide heading=&#8221;Usinage&#8221; url_new_window=&#8221;on&#8221; use_bg_overlay=&#8221;on&#8221; bg_overlay_color=&#8221;rgba(0,0,0,0.4)&#8221; admin_title=&#8221;Machining&#8221; _builder_version=&#8221;4.19.5&#8243; _module_preset=&#8221;default&#8221; header_text_color=&#8221;#FFFFFF&#8221; background_enable_color=&#8221;off&#8221; background_image=&#8221;https:\/\/specialmineservices.com\/francais\/wp-content\/uploads\/2021\/02\/SMS-Divi-Banner-Machining-2-1080px.jpg&#8221; background_enable_image=&#8221;on&#8221; custom_button=&#8221;on&#8221; button_bg_color=&#8221;rgba(0,0,0,0)&#8221; button_border_width=&#8221;2px&#8221; button_border_color=&#8221;#FFFFFF&#8221; button_font=&#8221;|600|||||||&#8221; link_option_url_new_window=&#8221;on&#8221; border_width_all_image=&#8221;6px&#8221; border_color_all_image=&#8221;#999999&#8243; box_shadow_style_image=&#8221;preset3&#8243; global_colors_info=&#8221;{}&#8221; sticky_transition=&#8221;on&#8221;]<\/p>\n<p style=\"text-align: left;\"><strong><span style=\"font-size: 14pt;\">\u00a0<\/span><\/strong><\/p>\n<p>[\/et_pb_slide][et_pb_slide heading=&#8221;Distribution mini\u00e8re&#8221; button_text=&#8221;En savoir plus&#8221; button_link=&#8221;https:\/\/smsminingdist.com\/&#8221; url_new_window=&#8221;on&#8221; use_bg_overlay=&#8221;on&#8221; bg_overlay_color=&#8221;rgba(0,0,0,0.5)&#8221; admin_title=&#8221;Mining Distribution&#8221; _builder_version=&#8221;4.16&#8243; _module_preset=&#8221;default&#8221; header_text_color=&#8221;#FFFFFF&#8221; background_color=&#8221;#FFFFFF&#8221; background_enable_color=&#8221;on&#8221; background_image=&#8221;https:\/\/specialmineservices.com\/francais\/wp-content\/uploads\/2021\/02\/SMS-Divi-Banner-Mining-Dist2-1080.jpg&#8221; background_enable_image=&#8221;on&#8221; custom_button=&#8221;on&#8221; button_bg_color=&#8221;rgba(0,0,0,0)&#8221; button_border_width=&#8221;2px&#8221; button_border_color=&#8221;#FFFFFF&#8221; button_font=&#8221;|600|||||||&#8221; link_option_url=&#8221;https:\/\/smsminingdist.com\/&#8221; link_option_url_new_window=&#8221;on&#8221; border_width_all_image=&#8221;6px&#8221; border_color_all_image=&#8221;#999999&#8243; box_shadow_style_image=&#8221;preset3&#8243; global_colors_info=&#8221;{}&#8221; sticky_transition=&#8221;on&#8221;]<\/p>\n<p style=\"text-align: left;\"><strong><span style=\"font-size: 14pt;\">\u00a0<\/span><\/strong><\/p>\n<p>[\/et_pb_slide][\/et_pb_fullwidth_slider][\/et_pb_section][et_pb_section fb_built=&#8221;1&#8243; _builder_version=&#8221;4.16&#8243; global_colors_info=&#8221;{}&#8221;][et_pb_row _builder_version=&#8221;4.16&#8243; _module_preset=&#8221;default&#8221; global_colors_info=&#8221;{}&#8221;][et_pb_column type=&#8221;4_4&#8243; _builder_version=&#8221;4.16&#8243; _module_preset=&#8221;default&#8221; global_colors_info=&#8221;{}&#8221;][et_pb_video src=&#8221;https:\/\/www.youtube.com\/watch?v=wBmJU7wbi94&#8243; admin_label=&#8221;VIDEO \u2014 SMS Connectors&#8221; _builder_version=&#8221;4.16&#8243; _module_preset=&#8221;default&#8221; box_shadow_style=&#8221;preset3&#8243; global_colors_info=&#8221;{}&#8221;][\/et_pb_video][et_pb_divider show_divider=&#8221;off&#8221; _builder_version=&#8221;4.16&#8243; _module_preset=&#8221;default&#8221; global_colors_info=&#8221;{}&#8221;][\/et_pb_divider][et_pb_text admin_label=&#8221;Headline Text&#8221; _builder_version=&#8221;4.16&#8243; _module_preset=&#8221;default&#8221; global_colors_info=&#8221;{}&#8221;]<\/p>\n<h1 style=\"text-align: center;\"><span style=\"font-size: 24pt; color: #ff1a1d;\"><strong>Special Mine Services \u2014 Au-del\u00e0 de l\u2019exploitation mini\u00e8re <\/strong><\/span><\/h1>\n<p>[\/et_pb_text][\/et_pb_column][\/et_pb_row][et_pb_row column_structure=&#8221;1_2,1_2&#8243; _builder_version=&#8221;4.16&#8243; global_colors_info=&#8221;{}&#8221;][et_pb_column type=&#8221;1_2&#8243; _builder_version=&#8221;4.16&#8243; global_colors_info=&#8221;{}&#8221;][et_pb_image src=&#8221;https:\/\/specialmineservices.com\/francais\/wp-content\/uploads\/2021\/02\/Electrical-Connectors-img44-600&#215;300-1.jpg&#8221; alt=&#8221;Electrical Connectors&#8221; title_text=&#8221;Electrical-Connectors-img44-600&#215;300&#8243; admin_label=&#8221;IMAGE \u2014 Electrical Connectors&#8221; _builder_version=&#8221;4.16&#8243; _module_preset=&#8221;default&#8221; border_width_all=&#8221;6px&#8221; border_color_all=&#8221;#999999&#8243; box_shadow_style=&#8221;preset3&#8243; global_colors_info=&#8221;{}&#8221;][\/et_pb_image][et_pb_text admin_label=&#8221;TEXT \u2014 Electrical Connectors&#8221; _builder_version=&#8221;4.16&#8243; global_colors_info=&#8221;{}&#8221;]<\/p>\n<h3><strong>Connecteurs \u00e9lectriques<\/strong><\/h3>\n<p><strong>Special Mine Services<\/strong> fabrique une gamme compl\u00e8te de connecteurs unipolaires, multipolaires et \u00e0 verrouillage rapide en caoutchouc synth\u00e9tique sp\u00e9cialement con\u00e7us et con\u00e7us pour \u00eatre interchangeables et compatibles avec les autres principaux connecteurs de grandes marques. Nos capacit\u00e9s vont des petits connecteurs unipolaires aux grands connecteurs multipolaires ronds, ainsi que des connecteurs acceptant des c\u00e2bles de type 500 MCM, 3 conducteurs, GGC et SHD. Les connecteurs miniers sont certifi\u00e9s CSA 22.2 n\u00b0 182 (182465) et UL 168. De plus, Special Mine Services recertifie actuellement les connecteurs miniers pour le service 1\u00a0000\u00a0V, conform\u00e9ment \u00e0 la norme CSA 298-16.<\/p>\n<p>[\/et_pb_text][et_pb_button button_url=&#8221;https:\/\/smsconnectors.com\/&#8221; url_new_window=&#8221;on&#8221; button_text=&#8221;En savoir plus&#8221; admin_label=&#8221;BUTTON \u2014 Electrical Connectors&#8221; _builder_version=&#8221;4.16&#8243; _module_preset=&#8221;default&#8221; custom_button=&#8221;on&#8221; button_text_size=&#8221;16px&#8221; button_text_color=&#8221;#ff1a1d&#8221; button_bg_color=&#8221;#FFFFFF&#8221; button_border_width=&#8221;3px&#8221; button_border_color=&#8221;#ff1a1d&#8221; button_font=&#8221;|600|||||||&#8221; background_layout=&#8221;dark&#8221; global_colors_info=&#8221;{}&#8221;][\/et_pb_button][\/et_pb_column][et_pb_column type=&#8221;1_2&#8243; _builder_version=&#8221;4.16&#8243; global_colors_info=&#8221;{}&#8221;][et_pb_image src=&#8221;https:\/\/specialmineservices.com\/francais\/wp-content\/uploads\/2021\/02\/FabWeld-Home-pg-600&#215;300-1.jpg&#8221; alt=&#8221;Fabrication &#038; Welding Image&#8221; title_text=&#8221;FabWeld-Home-pg-600&#215;300&#8243; admin_label=&#8221;IMAGE \u2014 Fabrication &#038; Welding&#8221; _builder_version=&#8221;4.16&#8243; _module_preset=&#8221;default&#8221; border_width_all=&#8221;6px&#8221; border_color_all=&#8221;#999999&#8243; box_shadow_style=&#8221;preset3&#8243; global_colors_info=&#8221;{}&#8221;][\/et_pb_image][et_pb_text admin_label=&#8221;TEXT \u2014 Fabrication &#038; Welding&#8221; _builder_version=&#8221;4.16&#8243; global_colors_info=&#8221;{}&#8221;]<\/p>\n<h3><strong> Fabrication et soudage <\/strong><\/h3>\n<p><strong>Special Mine Services<\/strong> propose un service de soudage et de fabrication enti\u00e8rement fonctionnel, compos\u00e9 d\u2019ing\u00e9nieurs, de soudeurs et de techniciens. Gr\u00e2ce \u00e0 certains des derniers \u00e9quipements de Flow, AccurPress, Aida et Lincoln, Special Mine Services combine le meilleur de ces nouvelles technologies avec le logiciel de conception SolidWorks et une \u00e9quipe d\u00e9di\u00e9e au service \u00e0 la client\u00e8le. Offrant une grande vari\u00e9t\u00e9 de services sur large une gamme de mat\u00e9riaux, Special Mine Services est d\u00e8s aujourd\u2019hui pr\u00eat \u00e0 r\u00e9pondre \u00e0 vos besoins de soudage et de fabrication personnalis\u00e9s.<\/p>\n<p>[\/et_pb_text][et_pb_button button_url=&#8221;https:\/\/smsfabweldmachine.com&#8221; url_new_window=&#8221;on&#8221; button_text=&#8221;En savoir plus&#8221; admin_label=&#8221;BUTTON \u2014 Fabrication, Machining, Welding&#8221; _builder_version=&#8221;4.27.6&#8243; _module_preset=&#8221;default&#8221; custom_button=&#8221;on&#8221; button_text_size=&#8221;16px&#8221; button_text_color=&#8221;#ff1a1d&#8221; button_bg_color=&#8221;#FFFFFF&#8221; button_border_width=&#8221;3px&#8221; button_border_color=&#8221;#ff1a1d&#8221; button_font=&#8221;|600|||||||&#8221; background_layout=&#8221;dark&#8221; global_colors_info=&#8221;{}&#8221;][\/et_pb_button][\/et_pb_column][\/et_pb_row][et_pb_row column_structure=&#8221;1_2,1_2&#8243; _builder_version=&#8221;4.16&#8243; global_colors_info=&#8221;{}&#8221;][et_pb_column type=&#8221;1_2&#8243; _builder_version=&#8221;4.16&#8243; global_colors_info=&#8221;{}&#8221;][et_pb_image src=&#8221;https:\/\/specialmineservices.com\/francais\/wp-content\/uploads\/2021\/02\/Machining-Home-pg-600&#215;300-1.jpg&#8221; alt=&#8221;Machining Image&#8221; title_text=&#8221;Machining-Home-pg-600&#215;300&#8243; admin_label=&#8221;IMAGE \u2014 Machining&#8221; _builder_version=&#8221;4.16&#8243; _module_preset=&#8221;default&#8221; border_width_all=&#8221;6px&#8221; border_color_all=&#8221;#999999&#8243; box_shadow_style=&#8221;preset3&#8243; global_colors_info=&#8221;{}&#8221;][\/et_pb_image][et_pb_text admin_label=&#8221;TEXT \u2014 Machining&#8221; _builder_version=&#8221;4.16&#8243; global_colors_info=&#8221;{}&#8221;]<\/p>\n<h3><strong> Usinage<\/strong><\/h3>\n<p><strong>Special Mine Services<\/strong>\u00a0propose un atelier d\u2019usinage enti\u00e8rement fonctionnel. Dot\u00e9 des derniers \u00e9quipements d\u2019usinage CNC de fournisseurs de premier plan tels que Mazak et Haas, Special Mine Services combine le meilleur de ces nouvelles technologies avec la pr\u00e9cision de fabrication \u00e0 la main d\u2019une \u00e9quipe d\u00e9di\u00e9e d\u2019artisans. Ces artisans qualifi\u00e9s comprennent des machinistes, des fabricants de matrices et de moules, et des inspecteurs qualit\u00e9. Special Mine Services offre des prix et des d\u00e9lais raisonnables, associ\u00e9s \u00e0 un excellent service \u00e0 la client\u00e8le. En plus de nos nombreux clients, Special Mine Services sert fi\u00e8rement les plus grandes marques de l\u2019industrie automobile ainsi que les prestataires du minist\u00e8re de la D\u00e9fense. Faites d\u00e8s aujourd&#8217;hui appel \u00e0 Special Mine Services pour r\u00e9pondre \u00e0 vos besoins d&#8217;usinage personnalis\u00e9s.[\/et_pb_text][et_pb_button button_url=&#8221;https:\/\/smsfabweldmachine.com&#8221; url_new_window=&#8221;on&#8221; button_text=&#8221;En savoir plus&#8221; admin_label=&#8221;BUTTON \u2014 Fabrication, Machining, Welding&#8221; _builder_version=&#8221;4.27.6&#8243; _module_preset=&#8221;default&#8221; custom_button=&#8221;on&#8221; button_text_size=&#8221;16px&#8221; button_text_color=&#8221;#ff1a1d&#8221; button_bg_color=&#8221;#FFFFFF&#8221; button_border_width=&#8221;3px&#8221; button_border_color=&#8221;#ff1a1d&#8221; button_font=&#8221;|600|||||||&#8221; background_layout=&#8221;dark&#8221; global_colors_info=&#8221;{}&#8221;][\/et_pb_button][\/et_pb_column][et_pb_column type=&#8221;1_2&#8243; _builder_version=&#8221;4.16&#8243; global_colors_info=&#8221;{}&#8221;][et_pb_image src=&#8221;https:\/\/specialmineservices.com\/francais\/wp-content\/uploads\/2021\/02\/Mining-Distribution-logos-WhiteBKGD-600&#215;300-1.jpg&#8221; alt=&#8221;Mining Distribution-vendor logos image&#8221; title_text=&#8221;Mining-Distribution-logos-WhiteBKGD-600&#215;300&#8243; admin_label=&#8221;IMAGE \u2014 Mining Distribution&#8221; _builder_version=&#8221;4.16&#8243; _module_preset=&#8221;default&#8221; border_width_all=&#8221;6px&#8221; border_color_all=&#8221;#999999&#8243; box_shadow_style=&#8221;preset3&#8243; global_colors_info=&#8221;{}&#8221;][\/et_pb_image][et_pb_text admin_label=&#8221;TEXT \u2014 Mining Distribution&#8221; _builder_version=&#8221;4.16&#8243; global_colors_info=&#8221;{}&#8221;]<\/p>\n<h3><strong> Distribution mini\u00e8re <\/strong><\/h3>\n<p style=\"text-align: left;\"><span style=\"font-size: 11.0pt;\"><strong>Special Mine Services<\/strong> est fier de servir de distributeur pour une vari\u00e9t\u00e9 de fournitures mini\u00e8res de marques de confiance dans l\u2019industrie. Ces marques comprennent <strong>TJB, PLM, J&amp;R, Line Power, SMC Electrical, 3M, Burndy, LaMarche<\/strong> et bien d\u2019autres. Ces produits jouissent d\u2019une r\u00e9putation de qualit\u00e9, de fiabilit\u00e9 et de durabilit\u00e9. Special Mine Services est fier d\u2019\u00eatre votre \u00ab guichet unique \u00bb pour tous vos besoins en approvisionnement minier.<br \/><\/span><\/p>\n<p>[\/et_pb_text][et_pb_button button_url=&#8221;https:\/\/SMSMiningDist.com&#8221; url_new_window=&#8221;on&#8221; button_text=&#8221;En savoir plus&#8221; admin_label=&#8221;BUTTON \u2014 Mining Distribution&#8221; _builder_version=&#8221;4.16&#8243; _module_preset=&#8221;default&#8221; custom_button=&#8221;on&#8221; button_text_size=&#8221;16px&#8221; button_text_color=&#8221;#ff1a1d&#8221; button_bg_color=&#8221;#FFFFFF&#8221; button_border_width=&#8221;3px&#8221; button_border_color=&#8221;#ff1a1d&#8221; button_font=&#8221;|600|||||||&#8221; background_layout=&#8221;dark&#8221; global_colors_info=&#8221;{}&#8221;][\/et_pb_button][\/et_pb_column][\/et_pb_row][\/et_pb_section]<\/p>\n","protected":false},"excerpt":{"rendered":"<p>\u00a0\u00a0Special Mine Services \u2014 Au-del\u00e0 de l\u2019exploitation mini\u00e8re Connecteurs \u00e9lectriques Special Mine Services fabrique une gamme compl\u00e8te de connecteurs unipolaires, multipolaires et \u00e0 verrouillage rapide en caoutchouc synth\u00e9tique sp\u00e9cialement con\u00e7us et con\u00e7us pour \u00eatre interchangeables et compatibles avec les autres principaux connecteurs de grandes marques. Nos capacit\u00e9s vont des petits connecteurs unipolaires aux grands connecteurs [&hellip;]<\/p>\n","protected":false},"author":1,"featured_media":0,"parent":0,"menu_order":0,"comment_status":"closed","ping_status":"closed","template":"","meta":{"_et_pb_use_builder":"on","_et_pb_old_content":"","_et_gb_content_width":"","footnotes":""},"class_list":["post-21","page","type-page","status-publish","hentry"],"_links":{"self":[{"href":"https:\/\/specialmineservices.com\/francais\/wp-json\/wp\/v2\/pages\/21","targetHints":{"allow":["GET"]}}],"collection":[{"href":"https:\/\/specialmineservices.com\/francais\/wp-json\/wp\/v2\/pages"}],"about":[{"href":"https:\/\/specialmineservices.com\/francais\/wp-json\/wp\/v2\/types\/page"}],"author":[{"embeddable":true,"href":"https:\/\/specialmineservices.com\/francais\/wp-json\/wp\/v2\/users\/1"}],"replies":[{"embeddable":true,"href":"https:\/\/specialmineservices.com\/francais\/wp-json\/wp\/v2\/comments?post=21"}],"version-history":[{"count":73,"href":"https:\/\/specialmineservices.com\/francais\/wp-json\/wp\/v2\/pages\/21\/revisions"}],"predecessor-version":[{"id":1049,"href":"https:\/\/specialmineservices.com\/francais\/wp-json\/wp\/v2\/pages\/21\/revisions\/1049"}],"wp:attachment":[{"href":"https:\/\/specialmineservices.com\/francais\/wp-json\/wp\/v2\/media?parent=21"}],"curies":[{"name":"wp","href":"https:\/\/api.w.org\/{rel}","templated":true}]}}