{"id":52,"date":"2020-02-10T22:45:20","date_gmt":"2020-02-10T22:45:20","guid":{"rendered":"https:\/\/specialmineservices.com\/francais\/?page_id=52"},"modified":"2022-03-27T23:23:51","modified_gmt":"2022-03-28T04:23:51","slug":"notre-histoire","status":"publish","type":"page","link":"https:\/\/specialmineservices.com\/francais\/notre-histoire\/","title":{"rendered":"Notre Histoire"},"content":{"rendered":"<p>[et_pb_section fb_built=&#8221;1&#8243; _builder_version=&#8221;4.15&#8243; global_colors_info=&#8221;{}&#8221;][et_pb_row column_structure=&#8221;1_4,3_4&#8243; _builder_version=&#8221;4.15&#8243; global_colors_info=&#8221;{}&#8221;][et_pb_column type=&#8221;1_4&#8243; _builder_version=&#8221;4.15&#8243; global_colors_info=&#8221;{}&#8221;][et_pb_image src=&#8221;https:\/\/specialmineservices.com\/francais\/wp-content\/uploads\/2021\/03\/Our-History-Construction-600&#215;300-1.jpg&#8221; alt=&#8221;OurHistory Construction Image&#8221; title_text=&#8221;Our-History-Construction-600&#215;300&#8243; _builder_version=&#8221;4.15&#8243; border_width_all=&#8221;6px&#8221; border_color_all=&#8221;#ababab&#8221; box_shadow_style=&#8221;preset3&#8243; global_colors_info=&#8221;{}&#8221;][\/et_pb_image][\/et_pb_column][et_pb_column type=&#8221;3_4&#8243; _builder_version=&#8221;4.15&#8243; global_colors_info=&#8221;{}&#8221;][et_pb_text _builder_version=&#8221;4.15.1&#8243; hover_enabled=&#8221;0&#8243; global_colors_info=&#8221;{}&#8221; sticky_enabled=&#8221;0&#8243;]<\/p>\n<h1>Historique de Special Mine Services, Inc.<\/h1>\n<p>&nbsp;<\/p>\n<p><strong>Special Mine Services, Inc.<\/strong> a \u00e9t\u00e9 fond\u00e9e en 1983 par Les Huntsman et George Kee. Special Mine Services a d\u2019abord distribu\u00e9 et r\u00e9par\u00e9 des c\u00e2bles \u00e9lectriques pour l\u2019industrie mini\u00e8re du charbon dans les r\u00e9gions des \u00c9tats de l\u2019Illinois, de l\u2019Indiana et du Kentucky. Special Mine Services a rapidement \u00e9largi sa client\u00e8le et est devenu un distributeur de produits auxiliaires associ\u00e9s aux industries industrielles et mini\u00e8res lourdes.<\/p>\n<p>\u00c0 la fin des ann\u00e9es 1980, Special Mine Services a commenc\u00e9 \u00e0 se diversifier. Notre premi\u00e8re entreprise a \u00e9t\u00e9 la fabrication et la distribution de connecteurs \u00e9lectriques. Depuis lors, nous avons d\u00e9velopp\u00e9 une gamme compl\u00e8te de connecteurs en n\u00e9opr\u00e8ne moul\u00e9s pour les industries de l\u2019exploitation mini\u00e8re, du creusement et du divertissement qui sont interchangeables avec d\u2019autres connecteurs de grandes marques.<\/p>\n<p>En 2004, Special Mine Services est devenu un ESOP. Nous sommes actuellement d\u00e9tenus \u00e0 100\u00a0% par les employ\u00e9s et continuons \u00e0 d\u00e9velopper nos activit\u00e9s gr\u00e2ce \u00e0 nos employ\u00e9s \u00e1 la fois d\u00e9vou\u00e9s et travailleurs.<\/p>\n<p>En 2013, Special Mine Services a agrandi notre atelier d\u2019usinage interne n\u00e9cessaire \u00e0 la fabrication de nos connecteurs de qualit\u00e9. Parall\u00e8lement \u00e0 cette expansion, nous avons commenc\u00e9 \u00e0 utiliser notre expertise et notre exp\u00e9rience en usinage pour offrir des services d\u2019usinage \u00e0 des clients externes.<\/p>\n<p>En 2017, Special Mine Services a lanc\u00e9 son offre de services de fabrication et de soudage. En 2018, nous avons eu le plaisir d\u2019annoncer l\u2019expansion de nos services de fabrication et de soudage avec l\u2019ach\u00e8vement de notre nouveau b\u00e2timent de 16 000 pieds carr\u00e9s.<\/p>\n<p>[\/et_pb_text][\/et_pb_column][\/et_pb_row][\/et_pb_section]<\/p>\n","protected":false},"excerpt":{"rendered":"<p>Historique de Special Mine Services, Inc. &nbsp; Special Mine Services, Inc. a \u00e9t\u00e9 fond\u00e9e en 1983 par Les Huntsman et George Kee. Special Mine Services a d\u2019abord distribu\u00e9 et r\u00e9par\u00e9 des c\u00e2bles \u00e9lectriques pour l\u2019industrie mini\u00e8re du charbon dans les r\u00e9gions des \u00c9tats de l\u2019Illinois, de l\u2019Indiana et du Kentucky. Special Mine Services a rapidement [&hellip;]<\/p>\n","protected":false},"author":1,"featured_media":0,"parent":0,"menu_order":0,"comment_status":"closed","ping_status":"closed","template":"","meta":{"_et_pb_use_builder":"on","_et_pb_old_content":"","_et_gb_content_width":"","footnotes":""},"class_list":["post-52","page","type-page","status-publish","hentry"],"_links":{"self":[{"href":"https:\/\/specialmineservices.com\/francais\/wp-json\/wp\/v2\/pages\/52","targetHints":{"allow":["GET"]}}],"collection":[{"href":"https:\/\/specialmineservices.com\/francais\/wp-json\/wp\/v2\/pages"}],"about":[{"href":"https:\/\/specialmineservices.com\/francais\/wp-json\/wp\/v2\/types\/page"}],"author":[{"embeddable":true,"href":"https:\/\/specialmineservices.com\/francais\/wp-json\/wp\/v2\/users\/1"}],"replies":[{"embeddable":true,"href":"https:\/\/specialmineservices.com\/francais\/wp-json\/wp\/v2\/comments?post=52"}],"version-history":[{"count":12,"href":"https:\/\/specialmineservices.com\/francais\/wp-json\/wp\/v2\/pages\/52\/revisions"}],"predecessor-version":[{"id":911,"href":"https:\/\/specialmineservices.com\/francais\/wp-json\/wp\/v2\/pages\/52\/revisions\/911"}],"wp:attachment":[{"href":"https:\/\/specialmineservices.com\/francais\/wp-json\/wp\/v2\/media?parent=52"}],"curies":[{"name":"wp","href":"https:\/\/api.w.org\/{rel}","templated":true}]}}