{"id":19,"date":"2020-02-10T21:54:18","date_gmt":"2020-02-10T21:54:18","guid":{"rendered":"https:\/\/specialmineservices.com\/portugues\/?page_id=19"},"modified":"2026-03-25T19:50:13","modified_gmt":"2026-03-26T00:50:13","slug":"contato","status":"publish","type":"page","link":"https:\/\/specialmineservices.com\/portugues\/contato\/","title":{"rendered":"Contato"},"content":{"rendered":"<p>[et_pb_section fb_built=&#8221;1&#8243; _builder_version=&#8221;4.16&#8243; global_colors_info=&#8221;{}&#8221;][et_pb_row column_structure=&#8221;1_4,3_4&#8243; _builder_version=&#8221;4.16&#8243; _module_preset=&#8221;default&#8221; global_colors_info=&#8221;{}&#8221;][et_pb_column type=&#8221;1_4&#8243; _builder_version=&#8221;4.16&#8243; _module_preset=&#8221;default&#8221; global_colors_info=&#8221;{}&#8221;][\/et_pb_column][et_pb_column type=&#8221;3_4&#8243; _builder_version=&#8221;4.16&#8243; _module_preset=&#8221;default&#8221; global_colors_info=&#8221;{}&#8221;][et_pb_text admin_label=&#8221;HEADLINE TEXT&#8221; _builder_version=&#8221;4.16&#8243; global_colors_info=&#8221;{}&#8221;]<\/p>\n<h1>Contato<\/h1>\n<p>[\/et_pb_text][\/et_pb_column][\/et_pb_row][et_pb_row column_structure=&#8221;1_4,3_4&#8243; _builder_version=&#8221;4.16&#8243; global_colors_info=&#8221;{}&#8221;][et_pb_column type=&#8221;1_4&#8243; _builder_version=&#8221;4.16&#8243; global_colors_info=&#8221;{}&#8221;][\/et_pb_column][et_pb_column type=&#8221;3_4&#8243; _builder_version=&#8221;4.16&#8243; global_colors_info=&#8221;{}&#8221;][et_pb_text admin_label=&#8221;General Inqueries&#8221; _builder_version=&#8221;4.16&#8243; global_colors_info=&#8221;{}&#8221;]<\/p>\n<h3>Vendas e Servi\u00e7os de Conectores El\u00e9ctricos<\/h3>\n<h4>\u00a0<\/h4>\n<p>E-mail: <a href=\"mailto:info@specialmineservices.com\" target=\"_blank\" rel=\"noopener\">info@specialmineservices.com<\/a><\/p>\n<p>[\/et_pb_text][et_pb_divider show_divider=&#8221;off&#8221; _builder_version=&#8221;4.16&#8243; _module_preset=&#8221;default&#8221; global_colors_info=&#8221;{}&#8221;][\/et_pb_divider][et_pb_text admin_label=&#8221;Electrical Connector Sales &#038; Service&#8221; _builder_version=&#8221;4.27.6&#8243; global_colors_info=&#8221;{}&#8221;]<\/p>\n<h3>Electrical Connector Sales &amp; Service<\/h3>\n<h4>\u00a0<\/h4>\n<h4><span style=\"color: #1f8be3;\">EUA e Internacional<\/span><\/h4>\n<p><strong>Marshall Girtman, CGBP<\/strong><br \/><em>Diretor de Vendas, SMS e PMT<\/em><br \/>Escrit\u00f3rio: +1 (618) 932-2151 extens\u00e3o 114<br \/>Telem\u00f3vel \/ WhatsApp: +1 (618) 513-8850<br \/>E-mail: <em><a href=\"mailto:marshall.girtman@specialmineservices.com\">marshall.girtman@specialmineservices.com<\/a><\/em><\/p>\n<p>[\/et_pb_text][et_pb_divider show_divider=&#8221;off&#8221; _builder_version=&#8221;4.16&#8243; _module_preset=&#8221;default&#8221; global_colors_info=&#8221;{}&#8221;][\/et_pb_divider][et_pb_text admin_label=&#8221;Fabrication, Welding, Machining&#8221; _builder_version=&#8221;4.27.6&#8243; hover_enabled=&#8221;0&#8243; global_colors_info=&#8221;{}&#8221; sticky_enabled=&#8221;0&#8243;]<\/p>\n<h3>Fabrico, Soldagem e Usinagem<\/h3>\n<h4>\u00a0<\/h4>\n<h4><span style=\"color: #1f8be3;\">Precision Machine and Tool \/ SMS FWM<\/span><\/h4>\n<p><strong>Josh Buchanan<\/strong>, <em>Diretor Geral<\/em><br \/>Escrit\u00f3rio: +1 (618) 997-8795<br \/>Telem\u00f3vel: +1 (618) 925-2740<br \/>E-mail: <em><a href=\"mailto:josh.buchanan@precisionmachineandtool.com\">josh.buchanan@precisionmachineandtool.com<\/a><\/em><\/p>\n<p>[\/et_pb_text][et_pb_divider show_divider=&#8221;off&#8221; _builder_version=&#8221;4.16&#8243; _module_preset=&#8221;default&#8221; global_colors_info=&#8221;{}&#8221;][\/et_pb_divider][et_pb_text admin_label=&#8221;Mining Distribution, Cable Repair, Cable Assemblies&#8221; _builder_version=&#8221;4.27.6&#8243; global_colors_info=&#8221;{}&#8221;]<\/p>\n<h3>Distribui\u00e7\u00e3o para Minera\u00e7\u00e3o, Repara\u00e7\u00e3o de Cabos, Montagem de Cabos<\/h3>\n<h4>\u00a0<\/h4>\n<h4><span style=\"color: #1f8be3;\">Illinois, Indiana, Kentucky<\/span><\/h4>\n<p><strong>Kaleb Riecken,<\/strong> <em>Director Geral<\/em><br \/>Escrit\u00f3rio: +1 (812) 354-9104<br \/>Telem\u00f3vel: +1 (812) 449-5852<br \/>E-mail: <em><a href=\"mailto:kaleb.riecken@specialmineservices.com\">kaleb.riecken@specialmineservices.com<\/a><\/em><\/p>\n<p>&nbsp;<\/p>\n<p>[\/et_pb_text][\/et_pb_column][\/et_pb_row][\/et_pb_section]<\/p>\n","protected":false},"excerpt":{"rendered":"<p>ContatoVendas e Servi\u00e7os de Conectores El\u00e9ctricos \u00a0 E-mail: info@specialmineservices.comElectrical Connector Sales &amp; Service \u00a0 EUA e Internacional Marshall Girtman, CGBPDiretor de Vendas, SMS e PMTEscrit\u00f3rio: +1 (618) 932-2151 extens\u00e3o 114Telem\u00f3vel \/ WhatsApp: +1 (618) 513-8850E-mail: marshall.girtman@specialmineservices.comFabrico, Soldagem e Usinagem \u00a0 Precision Machine and Tool \/ SMS FWM Josh Buchanan, Diretor GeralEscrit\u00f3rio: +1 (618) 997-8795Telem\u00f3vel: +1 [&hellip;]<\/p>\n","protected":false},"author":1,"featured_media":0,"parent":0,"menu_order":0,"comment_status":"closed","ping_status":"closed","template":"","meta":{"_et_pb_use_builder":"on","_et_pb_old_content":"","_et_gb_content_width":"","footnotes":""},"class_list":["post-19","page","type-page","status-publish","hentry"],"_links":{"self":[{"href":"https:\/\/specialmineservices.com\/portugues\/wp-json\/wp\/v2\/pages\/19","targetHints":{"allow":["GET"]}}],"collection":[{"href":"https:\/\/specialmineservices.com\/portugues\/wp-json\/wp\/v2\/pages"}],"about":[{"href":"https:\/\/specialmineservices.com\/portugues\/wp-json\/wp\/v2\/types\/page"}],"author":[{"embeddable":true,"href":"https:\/\/specialmineservices.com\/portugues\/wp-json\/wp\/v2\/users\/1"}],"replies":[{"embeddable":true,"href":"https:\/\/specialmineservices.com\/portugues\/wp-json\/wp\/v2\/comments?post=19"}],"version-history":[{"count":33,"href":"https:\/\/specialmineservices.com\/portugues\/wp-json\/wp\/v2\/pages\/19\/revisions"}],"predecessor-version":[{"id":1041,"href":"https:\/\/specialmineservices.com\/portugues\/wp-json\/wp\/v2\/pages\/19\/revisions\/1041"}],"wp:attachment":[{"href":"https:\/\/specialmineservices.com\/portugues\/wp-json\/wp\/v2\/media?parent=19"}],"curies":[{"name":"wp","href":"https:\/\/api.w.org\/{rel}","templated":true}]}}