{"id":21,"date":"2020-02-10T21:55:06","date_gmt":"2020-02-10T21:55:06","guid":{"rendered":"https:\/\/specialmineservices.com\/portugues\/?page_id=21"},"modified":"2026-03-27T10:42:37","modified_gmt":"2026-03-27T15:42:37","slug":"home","status":"publish","type":"page","link":"https:\/\/specialmineservices.com\/portugues\/","title":{"rendered":"P\u00e1gina inicial"},"content":{"rendered":"<p>[et_pb_section fb_built=&#8221;1&#8243; fullwidth=&#8221;on&#8221; _builder_version=&#8221;4.16&#8243; _module_preset=&#8221;default&#8221; global_colors_info=&#8221;{}&#8221;][et_pb_fullwidth_slider show_image_video_mobile=&#8221;on&#8221; _builder_version=&#8221;4.19.5&#8243; _module_preset=&#8221;default&#8221; background_color=&#8221;#ababab&#8221; global_colors_info=&#8221;{}&#8221;][et_pb_slide heading=&#8221;Conectores el\u00e9tricos&#8221; button_text=&#8221;Saiba mais&#8221; button_link=&#8221;https:\/\/smsconnectors.com&#8221; url_new_window=&#8221;on&#8221; use_bg_overlay=&#8221;on&#8221; bg_overlay_color=&#8221;rgba(0,0,0,0.2)&#8221; use_text_overlay=&#8221;off&#8221; admin_title=&#8221;Electrical Connectors&#8221; _builder_version=&#8221;4.16&#8243; _module_preset=&#8221;default&#8221; header_text_color=&#8221;#FFFFFF&#8221; background_color=&#8221;#999999&#8243; background_enable_color=&#8221;on&#8221; background_image=&#8221;https:\/\/specialmineservices.com\/portugues\/wp-content\/uploads\/2021\/02\/SMS-Divi-Banner-Electrical-Connectors-2-47.jpg&#8221; background_enable_image=&#8221;on&#8221; custom_button=&#8221;on&#8221; button_bg_color=&#8221;rgba(0,0,0,0)&#8221; button_border_width=&#8221;2px&#8221; button_border_color=&#8221;#FFFFFF&#8221; button_font=&#8221;|600|||||||&#8221; link_option_url=&#8221;https:\/\/smsconnectors.com&#8221; link_option_url_new_window=&#8221;on&#8221; border_width_all_image=&#8221;6px&#8221; border_color_all_image=&#8221;#999999&#8243; box_shadow_style_image=&#8221;preset3&#8243; global_colors_info=&#8221;{}&#8221; sticky_transition=&#8221;on&#8221;][\/et_pb_slide][et_pb_slide heading=&#8221;Fabrica\u00e7\u00e3o e solda&#8221; url_new_window=&#8221;on&#8221; use_bg_overlay=&#8221;on&#8221; bg_overlay_color=&#8221;rgba(0,0,0,0.2)&#8221; use_text_overlay=&#8221;off&#8221; admin_title=&#8221;Fabrication &#038; Welding&#8221; _builder_version=&#8221;4.19.5&#8243; _module_preset=&#8221;default&#8221; header_text_color=&#8221;#FFFFFF&#8221; background_color=&#8221;#999999&#8243; background_enable_color=&#8221;on&#8221; background_image=&#8221;https:\/\/specialmineservices.com\/portugues\/wp-content\/uploads\/2021\/02\/SMS-Divi-Banner-FabWeld-2-1080px.jpg&#8221; background_enable_image=&#8221;on&#8221; custom_button=&#8221;on&#8221; button_bg_color=&#8221;rgba(0,0,0,0)&#8221; button_border_width=&#8221;2px&#8221; button_border_color=&#8221;#FFFFFF&#8221; button_font=&#8221;|600|||||||&#8221; link_option_url_new_window=&#8221;on&#8221; border_width_all_image=&#8221;6px&#8221; border_color_all_image=&#8221;#999999&#8243; box_shadow_style_image=&#8221;preset3&#8243; global_colors_info=&#8221;{}&#8221; sticky_transition=&#8221;on&#8221;][\/et_pb_slide][et_pb_slide heading=&#8221;Usinagem&#8221; url_new_window=&#8221;on&#8221; use_bg_overlay=&#8221;on&#8221; bg_overlay_color=&#8221;rgba(0,0,0,0.4)&#8221; admin_title=&#8221;Machining&#8221; _builder_version=&#8221;4.19.5&#8243; _module_preset=&#8221;default&#8221; header_text_color=&#8221;#FFFFFF&#8221; background_enable_color=&#8221;off&#8221; background_image=&#8221;https:\/\/specialmineservices.com\/portugues\/wp-content\/uploads\/2021\/02\/SMS-Divi-Banner-Machining-2-1080px.jpg&#8221; background_enable_image=&#8221;on&#8221; custom_button=&#8221;on&#8221; button_bg_color=&#8221;rgba(0,0,0,0)&#8221; button_border_width=&#8221;2px&#8221; button_border_color=&#8221;#FFFFFF&#8221; button_font=&#8221;|600|||||||&#8221; link_option_url_new_window=&#8221;on&#8221; border_width_all_image=&#8221;6px&#8221; border_color_all_image=&#8221;#999999&#8243; box_shadow_style_image=&#8221;preset3&#8243; global_colors_info=&#8221;{}&#8221; sticky_transition=&#8221;on&#8221;]<\/p>\n<p style=\"text-align: left;\"><strong><span style=\"font-size: 14pt;\">\u00a0<\/span><\/strong><\/p>\n<p>[\/et_pb_slide][et_pb_slide heading=&#8221;Mining Distribution&#8221; button_text=&#8221;Saiba mais&#8221; button_link=&#8221;https:\/\/smsminingdist.com\/&#8221; url_new_window=&#8221;on&#8221; use_bg_overlay=&#8221;on&#8221; bg_overlay_color=&#8221;rgba(0,0,0,0.5)&#8221; admin_title=&#8221;Mining Distribution&#8221; _builder_version=&#8221;4.16&#8243; _module_preset=&#8221;default&#8221; header_text_color=&#8221;#FFFFFF&#8221; background_color=&#8221;#FFFFFF&#8221; background_enable_color=&#8221;on&#8221; background_image=&#8221;https:\/\/specialmineservices.com\/portugues\/wp-content\/uploads\/2021\/02\/SMS-Divi-Banner-Mining-Dist2-1080.jpg&#8221; background_enable_image=&#8221;on&#8221; custom_button=&#8221;on&#8221; button_bg_color=&#8221;rgba(0,0,0,0)&#8221; button_border_width=&#8221;2px&#8221; button_border_color=&#8221;#FFFFFF&#8221; button_font=&#8221;|600|||||||&#8221; link_option_url=&#8221;https:\/\/smsminingdist.com\/&#8221; link_option_url_new_window=&#8221;on&#8221; border_width_all_image=&#8221;6px&#8221; border_color_all_image=&#8221;#999999&#8243; box_shadow_style_image=&#8221;preset3&#8243; global_colors_info=&#8221;{}&#8221; sticky_transition=&#8221;on&#8221;]<\/p>\n<p style=\"text-align: left;\"><strong><span style=\"font-size: 14pt;\">\u00a0<\/span><\/strong><\/p>\n<p>[\/et_pb_slide][\/et_pb_fullwidth_slider][\/et_pb_section][et_pb_section fb_built=&#8221;1&#8243; _builder_version=&#8221;4.16&#8243; global_colors_info=&#8221;{}&#8221;][et_pb_row _builder_version=&#8221;4.16&#8243; _module_preset=&#8221;default&#8221; global_colors_info=&#8221;{}&#8221;][et_pb_column type=&#8221;4_4&#8243; _builder_version=&#8221;4.16&#8243; _module_preset=&#8221;default&#8221; global_colors_info=&#8221;{}&#8221;][et_pb_video src=&#8221;https:\/\/www.youtube.com\/watch?v=wBmJU7wbi94&#8243; admin_label=&#8221;VIDEO \u2014 SMS Connectors&#8221; _builder_version=&#8221;4.16.1&#8243; _module_preset=&#8221;default&#8221; box_shadow_style=&#8221;preset3&#8243; global_colors_info=&#8221;{}&#8221;][\/et_pb_video][et_pb_divider show_divider=&#8221;off&#8221; _builder_version=&#8221;4.16&#8243; _module_preset=&#8221;default&#8221; global_colors_info=&#8221;{}&#8221;][\/et_pb_divider][et_pb_text admin_label=&#8221;Headline Text&#8221; _builder_version=&#8221;4.16&#8243; _module_preset=&#8221;default&#8221; global_colors_info=&#8221;{}&#8221;]<\/p>\n<h1 style=\"text-align: center;\"><span style=\"font-size: 24pt; color: #ff1a1d;\"><strong>Special Mine Services \u2014 mais que s\u00f3 minera\u00e7\u00e3o <\/strong><\/span><\/h1>\n<p>[\/et_pb_text][\/et_pb_column][\/et_pb_row][et_pb_row column_structure=&#8221;1_2,1_2&#8243; _builder_version=&#8221;4.16&#8243; global_colors_info=&#8221;{}&#8221;][et_pb_column type=&#8221;1_2&#8243; _builder_version=&#8221;4.16&#8243; global_colors_info=&#8221;{}&#8221;][et_pb_image src=&#8221;https:\/\/specialmineservices.com\/portugues\/wp-content\/uploads\/2021\/02\/Electrical-Connectors-img44-600&#215;300-1.jpg&#8221; alt=&#8221;Electrical Connectors&#8221; title_text=&#8221;Electrical-Connectors-img44-600&#215;300&#8243; admin_label=&#8221;IMAGE \u2014 Electrical Connectors&#8221; _builder_version=&#8221;4.16&#8243; _module_preset=&#8221;default&#8221; border_width_all=&#8221;6px&#8221; border_color_all=&#8221;#999999&#8243; box_shadow_style=&#8221;preset3&#8243; global_colors_info=&#8221;{}&#8221;][\/et_pb_image][et_pb_text admin_label=&#8221;TEXT \u2014 Electrical Connectors&#8221; _builder_version=&#8221;4.16&#8243; global_colors_info=&#8221;{}&#8221;]<\/p>\n<h3><strong>Conectores el\u00e9tricos<\/strong><\/h3>\n<p>A <strong>Special Mine Services<\/strong> fabrica uma linha completa de conectores unipolares, multipolares e de travamento r\u00e1pido de borracha sint\u00e9tica, projetados e concebidos especificamente para serem compat\u00edveis com os outros principais conectores fabricados. As nossas capacidades v\u00e3o desde pequenos conectores unipolares a grandes conectores redondos multipolares, al\u00e9m de conectores que aceitam cabos de 500 MCM e 3 condutores, do tipo GGC e SHD. Os conetores de minera\u00e7\u00e3o t\u00eam certifica\u00e7\u00e3o CSA 22.2 N\u00ba 182 (182465) e UL 168. Al\u00e9m disso, Special Mine Services est\u00e3o atualmente no processo de recertifica\u00e7\u00e3o dos conectores de minera\u00e7\u00e3o para servi\u00e7o de 1000 V, de acordo com a norma CSA 298-16.[\/et_pb_text][et_pb_button button_url=&#8221;https:\/\/smsconnectors.com\/&#8221; url_new_window=&#8221;on&#8221; button_text=&#8221;Saiba mais&#8221; admin_label=&#8221;BUTTON \u2014 Electrical Connectors&#8221; _builder_version=&#8221;4.16&#8243; _module_preset=&#8221;default&#8221; custom_button=&#8221;on&#8221; button_text_size=&#8221;16px&#8221; button_text_color=&#8221;#ff1a1d&#8221; button_bg_color=&#8221;#FFFFFF&#8221; button_border_width=&#8221;3px&#8221; button_border_color=&#8221;#ff1a1d&#8221; button_font=&#8221;|600|||||||&#8221; background_layout=&#8221;dark&#8221; global_colors_info=&#8221;{}&#8221;][\/et_pb_button][\/et_pb_column][et_pb_column type=&#8221;1_2&#8243; _builder_version=&#8221;4.16&#8243; global_colors_info=&#8221;{}&#8221;][et_pb_image src=&#8221;https:\/\/specialmineservices.com\/portugues\/wp-content\/uploads\/2021\/02\/FabWeld-Home-pg-600&#215;300-1.jpg&#8221; alt=&#8221;Fabrication &#038; Welding Image&#8221; title_text=&#8221;FabWeld-Home-pg-600&#215;300&#8243; admin_label=&#8221;IMAGE \u2014 Fabrication &#038; Welding&#8221; _builder_version=&#8221;4.16&#8243; _module_preset=&#8221;default&#8221; border_width_all=&#8221;6px&#8221; border_color_all=&#8221;#999999&#8243; box_shadow_style=&#8221;preset3&#8243; global_colors_info=&#8221;{}&#8221;][\/et_pb_image][et_pb_text admin_label=&#8221;TEXT \u2014 Fabrication &#038; Welding&#8221; _builder_version=&#8221;4.16&#8243; global_colors_info=&#8221;{}&#8221;]<\/p>\n<h3><strong> Fabrica\u00e7\u00e3o e solda <\/strong><\/h3>\n<p>A <strong>Special Mine Services<\/strong> oferece um departamento de fabrica\u00e7\u00e3o e solda totalmente funcional, completo com uma equipe de engenheiros, soldadores e t\u00e9cnicos. Possuindo alguns dos equipamentos mais recentes da Flow, AccurPress, Aida e Lincoln. A Special Mine Services combina o melhor destas novas tecnologias com o software de design SolidWorks e uma equipe dedicada ao atendimento ao cliente. Oferecendo uma grande variedade de servi\u00e7os em diversos materiais, a Special Mine Services est\u00e1 preparada para atender suas necessidades personalizadas de fabrica\u00e7\u00e3o e solda hoje mesmo.<\/p>\n<p>[\/et_pb_text][et_pb_button button_url=&#8221;https:\/\/SMSFabWeldMachine.com&#8221; url_new_window=&#8221;on&#8221; button_text=&#8221;Saiba mais&#8221; admin_label=&#8221;BUTTON \u2014 Fabrication, Welding, Machining&#8221; _builder_version=&#8221;4.27.6&#8243; _module_preset=&#8221;default&#8221; custom_button=&#8221;on&#8221; button_text_size=&#8221;16px&#8221; button_text_color=&#8221;#ff1a1d&#8221; button_bg_color=&#8221;#FFFFFF&#8221; button_border_width=&#8221;3px&#8221; button_border_color=&#8221;#ff1a1d&#8221; button_font=&#8221;|600|||||||&#8221; background_layout=&#8221;dark&#8221; hover_enabled=&#8221;0&#8243; global_colors_info=&#8221;{}&#8221; sticky_enabled=&#8221;0&#8243;][\/et_pb_button][\/et_pb_column][\/et_pb_row][et_pb_row column_structure=&#8221;1_2,1_2&#8243; _builder_version=&#8221;4.16&#8243; global_colors_info=&#8221;{}&#8221;][et_pb_column type=&#8221;1_2&#8243; _builder_version=&#8221;4.16&#8243; global_colors_info=&#8221;{}&#8221;][et_pb_image src=&#8221;https:\/\/specialmineservices.com\/portugues\/wp-content\/uploads\/2021\/02\/Machining-Home-pg-600&#215;300-1.jpg&#8221; alt=&#8221;Machining Image&#8221; title_text=&#8221;Machining-Home-pg-600&#215;300&#8243; admin_label=&#8221;IMAGE \u2014 Machining&#8221; _builder_version=&#8221;4.16&#8243; _module_preset=&#8221;default&#8221; border_width_all=&#8221;6px&#8221; border_color_all=&#8221;#999999&#8243; box_shadow_style=&#8221;preset3&#8243; global_colors_info=&#8221;{}&#8221;][\/et_pb_image][et_pb_text admin_label=&#8221;TEXT \u2014 Machining&#8221; _builder_version=&#8221;4.16&#8243; global_colors_info=&#8221;{}&#8221;]<\/p>\n<h3><strong> Usinagem <\/strong><\/h3>\n<p>A <strong>Special Mine Services<\/strong> oferece uma unidade de usinagem totalmente funcional. Possuindo o mais recente equipamento de usinagem CNC dos principais fornecedores, como a Mazak e a Haas, a Special Mine Services combina o melhor destas novas tecnologias com a precis\u00e3o do trabalho manual de uma equipe dedicada de artes\u00e3os. Estes artes\u00e3os qualificados incluem operadores, fabricantes de moldes e matrizes e inspetores de qualidade. A Special Mine Services oferece pre\u00e7os e prazos de entrega razo\u00e1veis, juntamente com um excelente atendimento ao cliente. Al\u00e9m de nossos in\u00fameros clientes, a Special Mine Services serve com orgulho os setores de fornecedores automotivos de n\u00edvel 1 e de empreiteiros do Departamento de Defesa. Ligue para a Special Mine Services para atender hoje as suas necessidades de usinagem personalizada.<\/p>\n<p>[\/et_pb_text][et_pb_button button_url=&#8221;https:\/\/SMSFabWeldMachine.com&#8221; url_new_window=&#8221;on&#8221; button_text=&#8221;Saiba mais&#8221; admin_label=&#8221;BUTTON \u2014 Fabrication, Welding, Machining&#8221; _builder_version=&#8221;4.27.6&#8243; _module_preset=&#8221;default&#8221; custom_button=&#8221;on&#8221; button_text_size=&#8221;16px&#8221; button_text_color=&#8221;#ff1a1d&#8221; button_bg_color=&#8221;#FFFFFF&#8221; button_border_width=&#8221;3px&#8221; button_border_color=&#8221;#ff1a1d&#8221; button_font=&#8221;|600|||||||&#8221; background_layout=&#8221;dark&#8221; hover_enabled=&#8221;0&#8243; global_colors_info=&#8221;{}&#8221; sticky_enabled=&#8221;0&#8243;][\/et_pb_button][\/et_pb_column][et_pb_column type=&#8221;1_2&#8243; _builder_version=&#8221;4.16&#8243; global_colors_info=&#8221;{}&#8221;][et_pb_image src=&#8221;https:\/\/specialmineservices.com\/portugues\/wp-content\/uploads\/2021\/02\/Mining-Distribution-logos-WhiteBKGD-600&#215;300-1.jpg&#8221; alt=&#8221;Mining Distribution-vendor logos image&#8221; title_text=&#8221;Mining-Distribution-logos-WhiteBKGD-600&#215;300&#8243; admin_label=&#8221;IMAGE \u2014 Mining Distribution&#8221; _builder_version=&#8221;4.16&#8243; _module_preset=&#8221;default&#8221; border_width_all=&#8221;6px&#8221; border_color_all=&#8221;#999999&#8243; box_shadow_style=&#8221;preset3&#8243; global_colors_info=&#8221;{}&#8221;][\/et_pb_image][et_pb_text admin_label=&#8221;TEXT \u2014 Mining Distribution&#8221; _builder_version=&#8221;4.16&#8243; global_colors_info=&#8221;{}&#8221;]<\/p>\n<h3><strong> Distribui\u00e7\u00e3o para minera\u00e7\u00e3o <\/strong><\/h3>\n<p style=\"text-align: left;\">A <strong>Special Mine Services<\/strong> atua com orgulho como distribuidora de uma variedade de materiais para minera\u00e7\u00e3o de marcas confi\u00e1veis do setor. Estas marcas incluem <strong>TJB, PLM, J&amp;R, Line Power, SMC Electrical,3M, Burndy, Lamarche<\/strong> e muitas outras. Estes produtos t\u00eam reputa\u00e7\u00e3o de qualidade, confiabilidade e durabilidade. A Special Mine Services tem orgulho de ser a sua loja completa para todas as suas necessidades de materiais de minera\u00e7\u00e3o.<\/p>\n<p>[\/et_pb_text][et_pb_button button_url=&#8221;https:\/\/SMSMiningDist.com&#8221; url_new_window=&#8221;on&#8221; button_text=&#8221;Saiba mais&#8221; admin_label=&#8221;BUTTON \u2014 Mining Distribution&#8221; _builder_version=&#8221;4.16&#8243; _module_preset=&#8221;default&#8221; custom_button=&#8221;on&#8221; button_text_size=&#8221;16px&#8221; button_text_color=&#8221;#ff1a1d&#8221; button_bg_color=&#8221;#FFFFFF&#8221; button_border_width=&#8221;3px&#8221; button_border_color=&#8221;#ff1a1d&#8221; button_font=&#8221;|600|||||||&#8221; background_layout=&#8221;dark&#8221; global_colors_info=&#8221;{}&#8221;][\/et_pb_button][\/et_pb_column][\/et_pb_row][\/et_pb_section]<\/p>\n","protected":false},"excerpt":{"rendered":"<p>\u00a0\u00a0Special Mine Services \u2014 mais que s\u00f3 minera\u00e7\u00e3o Conectores el\u00e9tricos A Special Mine Services fabrica uma linha completa de conectores unipolares, multipolares e de travamento r\u00e1pido de borracha sint\u00e9tica, projetados e concebidos especificamente para serem compat\u00edveis com os outros principais conectores fabricados. As nossas capacidades v\u00e3o desde pequenos conectores unipolares a grandes conectores redondos multipolares, [&hellip;]<\/p>\n","protected":false},"author":1,"featured_media":0,"parent":0,"menu_order":0,"comment_status":"closed","ping_status":"closed","template":"","meta":{"_et_pb_use_builder":"on","_et_pb_old_content":"","_et_gb_content_width":"","footnotes":""},"class_list":["post-21","page","type-page","status-publish","hentry"],"_links":{"self":[{"href":"https:\/\/specialmineservices.com\/portugues\/wp-json\/wp\/v2\/pages\/21","targetHints":{"allow":["GET"]}}],"collection":[{"href":"https:\/\/specialmineservices.com\/portugues\/wp-json\/wp\/v2\/pages"}],"about":[{"href":"https:\/\/specialmineservices.com\/portugues\/wp-json\/wp\/v2\/types\/page"}],"author":[{"embeddable":true,"href":"https:\/\/specialmineservices.com\/portugues\/wp-json\/wp\/v2\/users\/1"}],"replies":[{"embeddable":true,"href":"https:\/\/specialmineservices.com\/portugues\/wp-json\/wp\/v2\/comments?post=21"}],"version-history":[{"count":77,"href":"https:\/\/specialmineservices.com\/portugues\/wp-json\/wp\/v2\/pages\/21\/revisions"}],"predecessor-version":[{"id":1047,"href":"https:\/\/specialmineservices.com\/portugues\/wp-json\/wp\/v2\/pages\/21\/revisions\/1047"}],"wp:attachment":[{"href":"https:\/\/specialmineservices.com\/portugues\/wp-json\/wp\/v2\/media?parent=21"}],"curies":[{"name":"wp","href":"https:\/\/api.w.org\/{rel}","templated":true}]}}